{"id":5074,"date":"2021-04-18T08:31:03","date_gmt":"2021-04-18T07:31:03","guid":{"rendered":"http:\/\/www.tecmon.hr\/?page_id=5074"},"modified":"2024-03-07T09:55:52","modified_gmt":"2024-03-07T08:55:52","slug":"energetika","status":"publish","type":"page","link":"http:\/\/www.tecmon.hr\/?page_id=5074","title":{"rendered":"ENERGETIKA"},"content":{"rendered":"\n<p>Tvrtka TECMON d.o.o. tehni\u010dki je opremljena i osposobljena za izvo\u0111enje svih elektromonta\u017enih radova u industrijskim postrojenjima, trafostanicama, dalekovodima i niskonaponskim mre\u017eama.<\/p>\n\n\n\n<p>Rekonstrukcija, izgradnja i odr\u017eavanje NN i SN distributivnih energetskih mre\u017ea<\/p>\n\n\n\n<p>Rekonstrukcija, izgradnja dalekovoda<\/p>\n\n\n\n<p>Rekonstrukcija, izgradnja transformatorskih stanica i rasklopnih postrojenja<\/p>\n\n\n\n<p>Instaliranje, ispitivanje, odr\u017eavanje i popravak opreme u Ex izvedbi<\/p>\n\n\n\n<p>Izgradnja, odr\u017eavanje i ispitivanje rasvjete<\/p>\n\n\n\n<p>Izgradnja, odr\u017eavanje i ispitivanje elektri\u010dnih instalacija<\/p>\n\n\n\n<figure class=\"wp-block-gallery has-nested-images columns-default is-cropped wp-block-gallery-1 is-layout-flex\">\n<figure class=\"wp-block-image size-large\"><img decoding=\"async\" loading=\"lazy\" width=\"768\" height=\"1024\" data-id=\"5181\"  src=\"https:\/\/www.tecmon.hr\/wp-content\/uploads\/2024\/03\/TECMON-energetika-1-768x1024.jpeg\" alt=\"\" class=\"wp-image-5181\" srcset=\"http:\/\/www.tecmon.hr\/wp-content\/uploads\/2024\/03\/TECMON-energetika-1-768x1024.jpeg 768w, http:\/\/www.tecmon.hr\/wp-content\/uploads\/2024\/03\/TECMON-energetika-1-225x300.jpeg 225w, http:\/\/www.tecmon.hr\/wp-content\/uploads\/2024\/03\/TECMON-energetika-1-1152x1536.jpeg 1152w, http:\/\/www.tecmon.hr\/wp-content\/uploads\/2024\/03\/TECMON-energetika-1-1536x2048.jpeg 1536w, http:\/\/www.tecmon.hr\/wp-content\/uploads\/2024\/03\/TECMON-energetika-1-scaled.jpeg 1920w\" sizes=\"(max-width: 768px) 100vw, 768px\" \/><\/figure>\n\n\n\n<figure class=\"wp-block-image size-large\"><img decoding=\"async\" loading=\"lazy\" width=\"1024\" height=\"768\" data-id=\"5180\"  src=\"https:\/\/www.tecmon.hr\/wp-content\/uploads\/2024\/03\/TECMON-energetika-2-1024x768.jpeg\" alt=\"\" class=\"wp-image-5180\" srcset=\"http:\/\/www.tecmon.hr\/wp-content\/uploads\/2024\/03\/TECMON-energetika-2-1024x768.jpeg 1024w, http:\/\/www.tecmon.hr\/wp-content\/uploads\/2024\/03\/TECMON-energetika-2-300x225.jpeg 300w, http:\/\/www.tecmon.hr\/wp-content\/uploads\/2024\/03\/TECMON-energetika-2-768x576.jpeg 768w, http:\/\/www.tecmon.hr\/wp-content\/uploads\/2024\/03\/TECMON-energetika-2-1536x1152.jpeg 1536w, http:\/\/www.tecmon.hr\/wp-content\/uploads\/2024\/03\/TECMON-energetika-2-2048x1536.jpeg 2048w\" sizes=\"(max-width: 1024px) 100vw, 1024px\" \/><\/figure>\n\n\n\n<figure class=\"wp-block-image size-large\"><img decoding=\"async\" loading=\"lazy\" width=\"768\" height=\"1024\" data-id=\"5178\"  src=\"https:\/\/www.tecmon.hr\/wp-content\/uploads\/2024\/03\/TECMON-energetika-1-768x1024.jpg\" alt=\"\" class=\"wp-image-5178\" srcset=\"http:\/\/www.tecmon.hr\/wp-content\/uploads\/2024\/03\/TECMON-energetika-1-768x1024.jpg 768w, http:\/\/www.tecmon.hr\/wp-content\/uploads\/2024\/03\/TECMON-energetika-1-225x300.jpg 225w, http:\/\/www.tecmon.hr\/wp-content\/uploads\/2024\/03\/TECMON-energetika-1-1152x1536.jpg 1152w, http:\/\/www.tecmon.hr\/wp-content\/uploads\/2024\/03\/TECMON-energetika-1.jpg 1512w\" sizes=\"(max-width: 768px) 100vw, 768px\" \/><\/figure>\n\n\n\n<figure class=\"wp-block-image size-large\"><img decoding=\"async\" loading=\"lazy\" width=\"768\" height=\"1024\" data-id=\"5179\"  src=\"https:\/\/www.tecmon.hr\/wp-content\/uploads\/2024\/03\/TECMON-energetika-3-768x1024.jpeg\" alt=\"\" class=\"wp-image-5179\" srcset=\"http:\/\/www.tecmon.hr\/wp-content\/uploads\/2024\/03\/TECMON-energetika-3-768x1024.jpeg 768w, http:\/\/www.tecmon.hr\/wp-content\/uploads\/2024\/03\/TECMON-energetika-3-225x300.jpeg 225w, http:\/\/www.tecmon.hr\/wp-content\/uploads\/2024\/03\/TECMON-energetika-3-1152x1536.jpeg 1152w, http:\/\/www.tecmon.hr\/wp-content\/uploads\/2024\/03\/TECMON-energetika-3.jpeg 1512w\" sizes=\"(max-width: 768px) 100vw, 768px\" \/><\/figure>\n<\/figure>\n","protected":false},"excerpt":{"rendered":"<p>Tvrtka TECMON d.o.o. tehni\u010dki je opremljena i osposobljena za izvo\u0111enje svih elektromonta\u017enih radova u industrijskim postrojenjima, trafostanicama, dalekovodima i niskonaponskim mre\u017eama. Rekonstrukcija, izgradnja i odr\u017eavanje NN i SN distributivnih energetskih mre\u017ea Rekonstrukcija, izgradnja dalekovoda Rekonstrukcija, izgradnja transformatorskih stanica i rasklopnih postrojenja Instaliranje, ispitivanje, odr\u017eavanje i popravak opreme u Ex izvedbi Izgradnja, odr\u017eavanje i ispitivanje rasvjete [&hellip;]<\/p>\n","protected":false},"author":2,"featured_media":0,"parent":0,"menu_order":0,"comment_status":"closed","ping_status":"closed","template":"","meta":{"ngg_post_thumbnail":0},"_links":{"self":[{"href":"http:\/\/www.tecmon.hr\/index.php?rest_route=\/wp\/v2\/pages\/5074"}],"collection":[{"href":"http:\/\/www.tecmon.hr\/index.php?rest_route=\/wp\/v2\/pages"}],"about":[{"href":"http:\/\/www.tecmon.hr\/index.php?rest_route=\/wp\/v2\/types\/page"}],"author":[{"embeddable":true,"href":"http:\/\/www.tecmon.hr\/index.php?rest_route=\/wp\/v2\/users\/2"}],"replies":[{"embeddable":true,"href":"http:\/\/www.tecmon.hr\/index.php?rest_route=%2Fwp%2Fv2%2Fcomments&post=5074"}],"version-history":[{"count":9,"href":"http:\/\/www.tecmon.hr\/index.php?rest_route=\/wp\/v2\/pages\/5074\/revisions"}],"predecessor-version":[{"id":5183,"href":"http:\/\/www.tecmon.hr\/index.php?rest_route=\/wp\/v2\/pages\/5074\/revisions\/5183"}],"wp:attachment":[{"href":"http:\/\/www.tecmon.hr\/index.php?rest_route=%2Fwp%2Fv2%2Fmedia&parent=5074"}],"curies":[{"name":"wp","href":"https:\/\/api.w.org\/{rel}","templated":true}]}}