{"id":5184,"date":"2024-03-07T10:01:12","date_gmt":"2024-03-07T09:01:12","guid":{"rendered":"https:\/\/www.tecmon.hr\/?page_id=5184"},"modified":"2024-03-07T11:55:06","modified_gmt":"2024-03-07T10:55:06","slug":"ispitivanja","status":"publish","type":"page","link":"http:\/\/www.tecmon.hr\/?page_id=5184","title":{"rendered":"ISPITIVANJA I ATESTI"},"content":{"rendered":"\n<p>Pregled i ispitivanje elektri\u010dnih instalacija obavlja&nbsp;se u cilju utvr\u0111ivanja da&nbsp;li&nbsp;su&nbsp;na&nbsp;instalacijama&nbsp;primijenjena pravila za\u0161tite na radu kojima ona moraju udovoljavati kada su u uporabi, odnosno&nbsp;da&nbsp;li zbog nastalih promjena u tijeku uporabe&nbsp;instalacije&nbsp;ugro\u017eavaju \u017eivot i zdravlje osoba koje njima rukuju ili u njihovoj blizini borave i rade.<\/p>\n\n\n\n<p>Provjeravanje elektri\u010dnih instalacija prema HRN HD 60364-6 sastoji se od pregledavanja (eng. Inspection) i ispitivanja (eng. Testing).<\/p>\n\n\n\n<ol>\n<li><strong>Pregledavanje elektri\u010dne instalacije<\/strong><\/li>\n<\/ol>\n\n\n\n<p><strong><em>&nbsp;&nbsp;&nbsp;<\/em><\/strong><em>&nbsp;Prema normi pregledavanje uklju\u010duje:<\/em><\/p>\n\n\n\n<ol>\n<li>Na\u010din za\u0161tite od elektri\u010dnog udara<\/li>\n\n\n\n<li>Prisustvo pregrada protiv vatre i drugih mjera protiv \u0161irenja vatre i prisustvo &nbsp;za\u0161tite od toplinskih u\u010dinaka<\/li>\n\n\n\n<li>Odabir vodi\u010da prema trajno podnosivim strujama i padu napona<\/li>\n\n\n\n<li>Odabir i pode\u0161enost za\u0161titnih i nadzornih naprava<\/li>\n\n\n\n<li>Postojanje i ispravni smje\u0161taj prikladnih naprava za odvajanje i sklapanje<\/li>\n\n\n\n<li>Odabir opreme i za\u0161titnih mjera prema vanjskim utjecajima<\/li>\n\n\n\n<li>Ispravno ozna\u010davanje (prepoznavanje) neutralnih i za\u0161titnih vodi\u010da<\/li>\n\n\n\n<li>Da se jednopolna sklopna naprava nalazi na linijskim vodi\u010dima<\/li>\n\n\n\n<li>Postojanje shema, natpisa upozorenja i sli\u010dno<\/li>\n\n\n\n<li>Ozna\u010davanje (prepoznavanje) strujnih krugova, nadstrujnih naprava, sklopki, stezaljki i sl.<\/li>\n\n\n\n<li>Primjerenost spojeva vodi\u010da<\/li>\n\n\n\n<li>Postojanje i svrha&nbsp;za\u0161titnih vodi\u010da uklju\u010divo i vodi\u010de za\u0161titnog izjedna\u010davanja potencijala i dodatnog izjedna\u010davanja potencijala<\/li>\n\n\n\n<li>Dostupnost opreme za lako poslu\u017eivanje, prepoznavanje i odr\u017eavanje<\/li>\n\n\n\n<li><strong>Ispitivanje elektri\u010dne instalacije<\/strong><\/li>\n<\/ol>\n\n\n\n<p><em>Ispitivanje se izvodi prvenstveno slijede\u0107im redom:<\/em><\/p>\n\n\n\n<ol>\n<li>Neprekinutost vodi\u010da<\/li>\n\n\n\n<li>Izolacijski otpor elektri\u010dne instalacije<\/li>\n\n\n\n<li>Za\u0161tita sa SELV i PELV ili elektri\u010dnim odjeljivanjem strujnih krugova<\/li>\n\n\n\n<li>Otpor\/impedancija izoliranih podova i zidova<\/li>\n\n\n\n<li>Automatski isklop opskrbe<\/li>\n\n\n\n<li>Dodatna za\u0161tita<\/li>\n\n\n\n<li>Polaritet<\/li>\n\n\n\n<li>Redoslijed faza i pogonska ispitivanja<\/li>\n\n\n\n<li>Pad napona<\/li>\n<\/ol>\n\n\n\n<p><em><strong>Sukladno zahtjevima va\u017ee\u0107e norme nudimo \u010detiri vrste ispitivanja niskonaponskih instalacija<\/strong><\/em><\/p>\n\n\n\n<p>\u2013 inicijalno ispitivanje (nakon izgradnje, a prije pu\u0161tanja u pogon)<br>\u2013 nakon izmjene dijelova instalacije ili opreme<br>\u2013 nakon obavljenih rekonstrukcija instalacije<br>\u2013 periodi\u010dko, u odre\u0111enim razdobljima<\/p>\n\n\n\n<p><em><strong>U\u010destalost pregleda elektri\u010dnih instalacija<\/strong><\/em><em><br>Po\u010detni pregled i ispitivanje elektri\u010dne instalacije&nbsp;<\/em>obavlja se u tijeku i po zavr\u0161etku izvo\u0111enja predmetne instalacije, \u0161to se odnosi i na radove rekonstrukcije elektri\u010dne instalacije.<br><br><em>Periodi\u010dki pregled i ispitivanje elektri\u010dne instalacije&nbsp;<\/em>obavlja se periodi\u010dki u sklopu njenog odr\u017eavanja. U\u010destalost redovitih periodi\u010dkih pregleda i ispitivanja u svrhu odr\u017eavanja elektri\u010dne instalacije provode se sukladno zahtjevima iz projekta gra\u0111evine, ali ne rje\u0111e od:<br>\u2013 \u010detiri godine za gra\u0111evine javne namjene, ako posebnim propisima nije odre\u0111en druga\u010diji rok,<br>\u2013 \u010detiri godine za elektri\u010dne instalacije za sigurnosne svrhe, ako posebnim propisima nije odre\u0111en druga\u010diji rok,<br>\u2013 petnaest godina za gra\u0111evine odnosno dijelove gra\u0111evina stambene namjene,<br>\u2013 \u010detiri godine za sve ostale gra\u0111evine odnosno njihove dijelove.<br><br><em>Izvanredni pregled elektri\u010dne instalacije<\/em>&nbsp;provodi se nakon svake promjene na istoj, nakon svakog izvanrednog doga\u0111aja koji mo\u017ee utjecati na tehni\u010dka svojstva elektri\u010dne instalacije ili izaziva sumnju u uporabljivost elektri\u010dne instalacije te po zahtjevu iz inspekcijskog nadzora.<\/p>\n\n\n\n<p><em><strong>Pregled i ispitivanje elektri\u010dnih instalacija<\/strong><\/em><br>Pregled i ispitivanje (atestiranje) elektri\u010dnih instalacija vr\u0161i se prema&nbsp;<em>Tehni\u010dkom propisu za niskonaponske elektri\u010dne instalacije (NN br. 5\/10)&nbsp;<\/em>i u skladu s hrvatskom normom<em>&nbsp;HRN HD 60364-<wbr>6<\/em>.<\/p>\n\n\n\n<p>Pregled i ispitivanje se obavlja vizualnim pregledom i mjerenjem pomo\u0107u odgovaraju\u0107ih instrumenata u cilju utvr\u0111ivanja da li su na instalacijama primijenjena pravila sigurnosti kojima one moraju udovoljavati kada su u uporabi, odnosno da li instalacije ugro\u017eavaju \u017eivot i zdravlje ljudi te sigurnost priklju\u010denih elektri\u010dnih ure\u0111aja i opreme.<\/p>\n\n\n\n<p>Po zavr\u0161enom pregledu i ispitivanju elektri\u010dnih instalacija na kojima se utvrdi primjena propisanih pravila za\u0161tite na radu i tehni\u010dka ispravnost, izdaje se Zapisnik o ispitivanju elektri\u010dne instalacije i izjava o ispravnosti (atesti). Za elektri\u010dne instalacije na kojima se utvrde odre\u0111ena odstupanja od propisanih zahtjeva, tj. njihova neispravnost, izdaje se Zapisnik s naznakom utvr\u0111enih nedostataka i prijedlozima za njihovo otklanjanje, odnosno uskla\u0111ivanje s propisanim zahtjevima.<\/p>\n\n\n\n<p><em><strong>Pregled i ispitivanje gromobranskih instalacija<br><\/strong><\/em><br>Pregled i ispitivanje (atestiranje) gromobranskih instalacija, odnosno ispitivanje sustava za\u0161tite od djelovanja munje vr\u0161i se sukladno Tehni\u010dkom propisu za sustave za\u0161tite od djelovanja munje na gra\u0111evine (NN br. 87\/08, 33\/10).<\/p>\n\n\n\n<p>Ovo ispitivanje obavljaseu tijeku i po zavr\u0161etku izvo\u0111enja sustava na novoizgra\u0111enim gra\u0111evinama u okviru provjere ispunjavanja bitnih zahtjeva za gra\u0111evinu i dio je dokumentacije potrebne za tehni\u010dki pregled gra\u0111evine.<\/p>\n\n\n\n<p>Ispitivanje sustava &nbsp;za\u0161tite od djelovanja munje obavlja se i u propisanim rokovima na postoje\u0107im gra\u0111evinama u sklopu njihovog odr\u017eavanja.<\/p>\n\n\n\n<p>Izvanredni pregled sustava provodi se nakon svake promjene na sustavu, nakon svakog izvanrednog doga\u0111aja koji mo\u017ee utjecati na tehni\u010dka svojstva sustava ili izaziva sumnju u uporabljivost sustava te po zahtjevu iz inspekcijskog nadzora.<\/p>\n\n\n\n<p>Na\u010din obavljanja pregleda i ispitivanja sustava odre\u0111uje se projektom gra\u0111evine, a uklju\u010duje najmanje:<br>a) pregled u koji je uklju\u010deno utvr\u0111ivanje jesu li svi dijelovi sustava u ispravnom stanju,<br>b) mjerenje radi utvr\u0111ivanja je li sustav u cjelini ispunjava zahtjeve odre\u0111ene projektom gra\u0111evine \u0161to uklju\u010duje ispitivanje sustava primjenom normi, a rezultati pregleda i utvr\u0111enog stanja dijelova sustava upisuju se u zapisnik.<\/p>\n\n\n\n<p>DOKUMENTI POTREBNI ZA HEP<\/p>\n\n\n\n<p><a href=\"http:\/\/www.tecmon.hr\/wp-content\/uploads\/2024\/03\/Obrazac_1_Potvrda_o_uporabljivosti_izvedene_el_instalacije.pdf\" target=\"_blank\" rel=\"noreferrer noopener\">Potvrda o uporabljivosti elektri\u010dne energije<\/a><\/p>\n\n\n\n<p><a href=\"http:\/\/www.tecmon.hr\/wp-content\/uploads\/2024\/03\/Obrazac_2_Izjava_o_zavrsnom_pregledu_i_ispitivanju_el_instalacije.pdf\" target=\"_blank\" rel=\"noreferrer noopener\">Izjava o zavr\u0161enom pregledu i ispitivanju elektri\u010dnih instalacija<\/a><\/p>\n\n\n\n<figure class=\"wp-block-gallery has-nested-images columns-default is-cropped wp-block-gallery-1 is-layout-flex\">\n<figure class=\"wp-block-image size-large\"><img decoding=\"async\" loading=\"lazy\" width=\"768\" height=\"1024\" data-id=\"5201\"  src=\"https:\/\/www.tecmon.hr\/wp-content\/uploads\/2024\/03\/TECMON-energetika4-768x1024.jpg\" alt=\"\" class=\"wp-image-5201\" srcset=\"http:\/\/www.tecmon.hr\/wp-content\/uploads\/2024\/03\/TECMON-energetika4-768x1024.jpg 768w, http:\/\/www.tecmon.hr\/wp-content\/uploads\/2024\/03\/TECMON-energetika4-225x300.jpg 225w, http:\/\/www.tecmon.hr\/wp-content\/uploads\/2024\/03\/TECMON-energetika4-1152x1536.jpg 1152w, http:\/\/www.tecmon.hr\/wp-content\/uploads\/2024\/03\/TECMON-energetika4.jpg 1350w\" sizes=\"(max-width: 768px) 100vw, 768px\" \/><\/figure>\n\n\n\n<figure class=\"wp-block-image size-large\"><img decoding=\"async\" loading=\"lazy\" width=\"768\" height=\"1024\" data-id=\"5200\"  src=\"https:\/\/www.tecmon.hr\/wp-content\/uploads\/2024\/03\/TECMON-energetika3-768x1024.jpg\" alt=\"\" class=\"wp-image-5200\" srcset=\"http:\/\/www.tecmon.hr\/wp-content\/uploads\/2024\/03\/TECMON-energetika3-768x1024.jpg 768w, http:\/\/www.tecmon.hr\/wp-content\/uploads\/2024\/03\/TECMON-energetika3-225x300.jpg 225w, http:\/\/www.tecmon.hr\/wp-content\/uploads\/2024\/03\/TECMON-energetika3-1152x1536.jpg 1152w, http:\/\/www.tecmon.hr\/wp-content\/uploads\/2024\/03\/TECMON-energetika3.jpg 1350w\" sizes=\"(max-width: 768px) 100vw, 768px\" \/><\/figure>\n\n\n\n<figure class=\"wp-block-image size-large\"><img decoding=\"async\" loading=\"lazy\" width=\"1024\" height=\"768\" data-id=\"5199\"  src=\"https:\/\/www.tecmon.hr\/wp-content\/uploads\/2024\/03\/TECMON-energetika2-1024x768.jpg\" alt=\"\" class=\"wp-image-5199\" srcset=\"http:\/\/www.tecmon.hr\/wp-content\/uploads\/2024\/03\/TECMON-energetika2-1024x768.jpg 1024w, http:\/\/www.tecmon.hr\/wp-content\/uploads\/2024\/03\/TECMON-energetika2-300x225.jpg 300w, http:\/\/www.tecmon.hr\/wp-content\/uploads\/2024\/03\/TECMON-energetika2-768x576.jpg 768w, http:\/\/www.tecmon.hr\/wp-content\/uploads\/2024\/03\/TECMON-energetika2-1536x1152.jpg 1536w, http:\/\/www.tecmon.hr\/wp-content\/uploads\/2024\/03\/TECMON-energetika2.jpg 1800w\" sizes=\"(max-width: 1024px) 100vw, 1024px\" \/><\/figure>\n\n\n\n<figure class=\"wp-block-image size-large\"><img decoding=\"async\" loading=\"lazy\" width=\"785\" height=\"620\" data-id=\"5196\"  src=\"https:\/\/www.tecmon.hr\/wp-content\/uploads\/2024\/03\/TECMON-ispitivanja-elektricnih-instalacija.jpg\" alt=\"\" class=\"wp-image-5196\" srcset=\"http:\/\/www.tecmon.hr\/wp-content\/uploads\/2024\/03\/TECMON-ispitivanja-elektricnih-instalacija.jpg 785w, http:\/\/www.tecmon.hr\/wp-content\/uploads\/2024\/03\/TECMON-ispitivanja-elektricnih-instalacija-300x237.jpg 300w, http:\/\/www.tecmon.hr\/wp-content\/uploads\/2024\/03\/TECMON-ispitivanja-elektricnih-instalacija-768x607.jpg 768w\" sizes=\"(max-width: 785px) 100vw, 785px\" \/><figcaption class=\"wp-element-caption\">Ispitivanja elektri\u010dnih instalacija FLUKE<\/figcaption><\/figure>\n<\/figure>\n","protected":false},"excerpt":{"rendered":"<p>Pregled i ispitivanje elektri\u010dnih instalacija obavlja&nbsp;se u cilju utvr\u0111ivanja da&nbsp;li&nbsp;su&nbsp;na&nbsp;instalacijama&nbsp;primijenjena pravila za\u0161tite na radu kojima ona moraju udovoljavati kada su u uporabi, odnosno&nbsp;da&nbsp;li zbog nastalih promjena u tijeku uporabe&nbsp;instalacije&nbsp;ugro\u017eavaju \u017eivot i zdravlje osoba koje njima rukuju ili u njihovoj blizini borave i rade. Provjeravanje elektri\u010dnih instalacija prema HRN HD 60364-6 sastoji se od pregledavanja (eng. [&hellip;]<\/p>\n","protected":false},"author":2,"featured_media":0,"parent":0,"menu_order":0,"comment_status":"closed","ping_status":"closed","template":"","meta":{"ngg_post_thumbnail":0},"_links":{"self":[{"href":"http:\/\/www.tecmon.hr\/index.php?rest_route=\/wp\/v2\/pages\/5184"}],"collection":[{"href":"http:\/\/www.tecmon.hr\/index.php?rest_route=\/wp\/v2\/pages"}],"about":[{"href":"http:\/\/www.tecmon.hr\/index.php?rest_route=\/wp\/v2\/types\/page"}],"author":[{"embeddable":true,"href":"http:\/\/www.tecmon.hr\/index.php?rest_route=\/wp\/v2\/users\/2"}],"replies":[{"embeddable":true,"href":"http:\/\/www.tecmon.hr\/index.php?rest_route=%2Fwp%2Fv2%2Fcomments&post=5184"}],"version-history":[{"count":8,"href":"http:\/\/www.tecmon.hr\/index.php?rest_route=\/wp\/v2\/pages\/5184\/revisions"}],"predecessor-version":[{"id":5220,"href":"http:\/\/www.tecmon.hr\/index.php?rest_route=\/wp\/v2\/pages\/5184\/revisions\/5220"}],"wp:attachment":[{"href":"http:\/\/www.tecmon.hr\/index.php?rest_route=%2Fwp%2Fv2%2Fmedia&parent=5184"}],"curies":[{"name":"wp","href":"https:\/\/api.w.org\/{rel}","templated":true}]}}