{"id":5208,"date":"2024-03-07T11:16:33","date_gmt":"2024-03-07T10:16:33","guid":{"rendered":"https:\/\/www.tecmon.hr\/?page_id=5208"},"modified":"2024-03-07T11:29:04","modified_gmt":"2024-03-07T10:29:04","slug":"ex-izvedbe","status":"publish","type":"page","link":"http:\/\/www.tecmon.hr\/?page_id=5208","title":{"rendered":"Ex   IN\/OD"},"content":{"rendered":"\n<ul>\n<li>ODR\u017dAVANJE ELEKTROENERGETSKE I ELEKTROINSTRUMENTACIJSKE OPREME I INSTALACIJA \/ TN-ODA<\/li>\n\n\n\n<li>INSTALIRANJE, MJERENJE I ISPITIVANJE  ELEKTROINSTRUMENTACIJSKE OPREME I INSTALACIJA \/ TN-IN<\/li>\n<\/ul>\n\n\n\n<p class=\"has-text-align-left\">TECMON ima dugogodi\u0161nje iskustvo bavljenja problematikom protueksplozijske za\u0161tite u prostorima ugro\u017eenim eksplozivnom atmosferom. Tvrtka je ovla\u0161tena od strane MUP-a Sektora za eksplozivne atmosfere za Ispitivanje, instaliranje, odr\u017eavanje Ex-opreme u prostorima ugro\u017eenim eksplozivnom atmosferom. \u0160to predstavlja vitalnu komponentu u sustavu sigurnosti od paljenja eksplozivne atmosfere i eksplozije. Mo\u017eemo to smatrati jednakovrijednim klasifikaciji prostora i certifikaciji ure\u0111aja. Pravilnim odre\u0111ivanjem ugro\u017eenog prostora i klasificiranjem zona (opasnosti), dobrim projektiranjem elektri\u010dne instalacije energetike i instrumentacije te pravilnim odabirom ure\u0111aja, uz propisno izvedenu monta\u017eu i instaliranje, osigurava se odgovaraju\u0107a razina sigurnosti od eksplozije.<\/p>\n\n\n\n<p>Provedbom tehni\u010dkog nadgledanja od strane MUP-a Sektora za eksplozivne atmosfere, koji uklju\u010duje tehni\u010dko nadgledanje klasifikacije prostora, elektroenergetskih ure\u0111aja, elektroinstrumentacijskih ure\u0111aja, elektri\u010dne instalacije energetike, elektri\u010dne instalacije instrumentacije i neelektri\u010dnih ure\u0111aja i instalacija, kako kod pu\u0161tanja u pogon, tako i tijekom uporabe istih dolazi se do smanjivanja na najmanju mogu\u0107u mjeru pojava uzro\u010dnika paljenja eksplozivne atmosfere te eksplozije.<\/p>\n\n\n<div class=\"wp-block-image\">\n<figure class=\"alignleft size-full\"><img decoding=\"async\" loading=\"lazy\" width=\"225\" height=\"225\" src=\"https:\/\/www.tecmon.hr\/wp-content\/uploads\/2024\/03\/TECMON-ATEX.png\" alt=\"\" class=\"wp-image-5214\" srcset=\"http:\/\/www.tecmon.hr\/wp-content\/uploads\/2024\/03\/TECMON-ATEX.png 225w, http:\/\/www.tecmon.hr\/wp-content\/uploads\/2024\/03\/TECMON-ATEX-150x150.png 150w\" sizes=\"(max-width: 225px) 100vw, 225px\" \/><\/figure><\/div>","protected":false},"excerpt":{"rendered":"<p>TECMON ima dugogodi\u0161nje iskustvo bavljenja problematikom protueksplozijske za\u0161tite u prostorima ugro\u017eenim eksplozivnom atmosferom. Tvrtka je ovla\u0161tena od strane MUP-a Sektora za eksplozivne atmosfere za Ispitivanje, instaliranje, odr\u017eavanje Ex-opreme u prostorima ugro\u017eenim eksplozivnom atmosferom. \u0160to predstavlja vitalnu komponentu u sustavu sigurnosti od paljenja eksplozivne atmosfere i eksplozije. Mo\u017eemo to smatrati jednakovrijednim klasifikaciji prostora i certifikaciji ure\u0111aja. [&hellip;]<\/p>\n","protected":false},"author":2,"featured_media":0,"parent":0,"menu_order":0,"comment_status":"closed","ping_status":"closed","template":"","meta":{"ngg_post_thumbnail":0},"_links":{"self":[{"href":"http:\/\/www.tecmon.hr\/index.php?rest_route=\/wp\/v2\/pages\/5208"}],"collection":[{"href":"http:\/\/www.tecmon.hr\/index.php?rest_route=\/wp\/v2\/pages"}],"about":[{"href":"http:\/\/www.tecmon.hr\/index.php?rest_route=\/wp\/v2\/types\/page"}],"author":[{"embeddable":true,"href":"http:\/\/www.tecmon.hr\/index.php?rest_route=\/wp\/v2\/users\/2"}],"replies":[{"embeddable":true,"href":"http:\/\/www.tecmon.hr\/index.php?rest_route=%2Fwp%2Fv2%2Fcomments&post=5208"}],"version-history":[{"count":5,"href":"http:\/\/www.tecmon.hr\/index.php?rest_route=\/wp\/v2\/pages\/5208\/revisions"}],"predecessor-version":[{"id":5217,"href":"http:\/\/www.tecmon.hr\/index.php?rest_route=\/wp\/v2\/pages\/5208\/revisions\/5217"}],"wp:attachment":[{"href":"http:\/\/www.tecmon.hr\/index.php?rest_route=%2Fwp%2Fv2%2Fmedia&parent=5208"}],"curies":[{"name":"wp","href":"https:\/\/api.w.org\/{rel}","templated":true}]}}