{"id":5239,"date":"2025-05-28T09:50:57","date_gmt":"2025-05-28T08:50:57","guid":{"rendered":"https:\/\/www.tecmon.hr\/?page_id=5239"},"modified":"2025-07-04T08:34:26","modified_gmt":"2025-07-04T07:34:26","slug":"kontakt","status":"publish","type":"page","link":"http:\/\/www.tecmon.hr\/?page_id=5239","title":{"rendered":"KONTAKT"},"content":{"rendered":"\n<style>.wp-block-spice-blocks-spice-section.spicesection2d2585d7{\n\t\t\t\t\tbackground-color:undefined;\n\t\t\t\t\tbackground-image:null;\n\t\t\t\t\tmargin: 0px auto 0px auto;\n\t\t\t\t\tpadding: 0px 0px 0px 0px;\n\t\t\t\t\tborder:   ;\n\t\t\t\t\tborder-top:null;\n\t\t\t\t\tborder-right:null;\n\t\t\t\t\tborder-bottom:null;\n\t\t\t\t\tborder-left:null;\n\t\t\t\t\tborder-radius: 0px 0px 0px 0px;\t\n\t\t\t\t\tbox-shadow: 0px 0px 0px #ADACAC;\n\t\t\t\t\tanimation-delay: undefinedms;\n\t\t\t\t\tbackground-position: ; \n\t\t\t\t\tbackground-repeat: no-repeat;\n\t\t\t\t\tbackground-size:;\n\t\t\t\t\tbackground-attachment: scroll;\n\t\t\t\t\tbackground-repeat: ;\n\t\t\t\t    z-index: undefined;\n\t\t\t\t\toverflow: hidden;\n\t\t\t\t\tposition: relative;\n\t\t\t\t}\n\t\t\t\t.wp-block-spice-blocks-spice-section.spicesection2d2585d7 .spice-block.spice-block-container{\n\t\t\t     \t\tmax-width:1140px;\n\t\t\t     \t\tgap:30px\n\t\t\t     }\n\t\t\t    .wp-block-spice-blocks-spice-section.spicesection2d2585d7 .spice-block.spice-block-container-fluid{\n\t\t     \t\t   gap:30px;\n\t\t     \t}\n\t\t     \tundefined<\/style><div class=\"wp-block-spice-blocks-spice-section spicesection2d2585d7 spice-block-container-fluid wow animated\"><div class=\"spice-block spice-block-container\">\n<style>.spice-block-col-41aa3ba8{\n\t\t\t\t\t\tbackground-color:undefined;\n\t\t\t\t\t\tbackground-image:none;\n\t\t\t\t\t\tmargin: 0px auto 0px auto;\n\t\t\t\t\t\tpadding: 0px 0px 0px 0px;\n\t\t\t\t\t\tborder:   ;\n\t\t\t\t\t\tborder-top:null;\n\t\t\t\t\t\tborder-right:null;\n\t\t\t\t\t\tborder-bottom:null;\n\t\t\t\t\t\tborder-left:null;\n\t\t\t\t\t\tborder-radius: 0px 0px 0px 0px;\n\t\t\t\t\t\tbox-shadow: 0px 0px 0px #ADACAC;\n\t\t\t\t\t\topacity: undefined;\n\t\t\t\t\t\tanimation-delay: undefinedms;\n\t\t\t\t\t\tz-index: undefined;\n\t\t\t\t\t\tflex-basis:undefined;\n\t\t\t\t\t\tbackground-position: ;\n\t\t\t\t\t\tbackground-repeat:no-repeat;\n\t\t\t\t\t\tbackground-size:;\n\t\t\t\t\t\tbackground-attachment:scroll;\n\t\t\t\t\t\toverflow: hidden;\n\t\t\t\t\t\tposition: relative;\n\t\t\t\t\t}\n\t\t\t\t\t.spice-block-col-41aa3ba8:hover{\n\t\t\t\t\t\t\tbackground-color:undefined;\n\t\t\t\t\t\t\t\n\t\t\t\t\t\t}\n\t\t\t\t\t.spice-block-col-41aa3ba8:hover .spice-blocks-overlay{\n\t\t\t\t\t\t\topacity: 1 ;\n\t\t\t\t\t\t\tbackground-color:undefined ;\n\t\t\t\t\t\t\tbackground-image:none ;\n\t\t\t\t\t\t}\n\t\t\t\t\t\tundefined\t\n\t\t\t\t\t\t<\/style><div class=\"wp-block-spice-blocks-spice-column wow animated  spice-block-col-41aa3ba8\"><div class=\"spice-column-wrapper\">\n<p>URED KR\u0160AN<\/p>\n\n\n\n<p>Kristina \u017dupani\u0107, mag.oec.<\/p>\n\n\n\n<p>Antonija Vozila, univ.mag.oec.<\/p>\n\n\n\n<p>Nenad Fonovi\u0107, el.teh.<\/p>\n\n\n\n<p>Masimo Forna\u017ear, dipl.ing.<\/p>\n\n\n\n<p><\/p>\n<\/div><\/div>\n\n\n\n<style>.spice-block-col-8a388c54{\n\t\t\t\t\t\tbackground-color:undefined;\n\t\t\t\t\t\tbackground-image:none;\n\t\t\t\t\t\tmargin: 0px auto 0px auto;\n\t\t\t\t\t\tpadding: 0px 0px 0px 0px;\n\t\t\t\t\t\tborder:   ;\n\t\t\t\t\t\tborder-top:null;\n\t\t\t\t\t\tborder-right:null;\n\t\t\t\t\t\tborder-bottom:null;\n\t\t\t\t\t\tborder-left:null;\n\t\t\t\t\t\tborder-radius: 0px 0px 0px 0px;\n\t\t\t\t\t\tbox-shadow: 0px 0px 0px #ADACAC;\n\t\t\t\t\t\topacity: undefined;\n\t\t\t\t\t\tanimation-delay: undefinedms;\n\t\t\t\t\t\tz-index: undefined;\n\t\t\t\t\t\tflex-basis:undefined;\n\t\t\t\t\t\tbackground-position: ;\n\t\t\t\t\t\tbackground-repeat:no-repeat;\n\t\t\t\t\t\tbackground-size:;\n\t\t\t\t\t\tbackground-attachment:scroll;\n\t\t\t\t\t\toverflow: hidden;\n\t\t\t\t\t\tposition: relative;\n\t\t\t\t\t}\n\t\t\t\t\t.spice-block-col-8a388c54:hover{\n\t\t\t\t\t\t\tbackground-color:undefined;\n\t\t\t\t\t\t\t\n\t\t\t\t\t\t}\n\t\t\t\t\t.spice-block-col-8a388c54:hover .spice-blocks-overlay{\n\t\t\t\t\t\t\topacity: 1 ;\n\t\t\t\t\t\t\tbackground-color:undefined ;\n\t\t\t\t\t\t\tbackground-image:none ;\n\t\t\t\t\t\t}\n\t\t\t\t\t\tundefined\t\n\t\t\t\t\t\t<\/style><div class=\"wp-block-spice-blocks-spice-column wow animated  spice-block-col-8a388c54\"><div class=\"spice-column-wrapper\">\n<p>KONTAKT<\/p>\n\n\n\n<p>+385(91)120 38 57<\/p>\n\n\n\n<p>+385(91)120 38 57<\/p>\n\n\n\n<p>+385(91)550 57 43<\/p>\n\n\n\n<p>+385(98)175 57 79<\/p>\n<\/div><\/div>\n\n\n\n<style>.spice-block-col-6b2dab10{\n\t\t\t\t\t\tbackground-color:undefined;\n\t\t\t\t\t\tbackground-image:none;\n\t\t\t\t\t\tmargin: 0px auto 0px auto;\n\t\t\t\t\t\tpadding: 0px 0px 0px 0px;\n\t\t\t\t\t\tborder:   ;\n\t\t\t\t\t\tborder-top:null;\n\t\t\t\t\t\tborder-right:null;\n\t\t\t\t\t\tborder-bottom:null;\n\t\t\t\t\t\tborder-left:null;\n\t\t\t\t\t\tborder-radius: 0px 0px 0px 0px;\n\t\t\t\t\t\tbox-shadow: 0px 0px 0px #ADACAC;\n\t\t\t\t\t\topacity: undefined;\n\t\t\t\t\t\tanimation-delay: undefinedms;\n\t\t\t\t\t\tz-index: undefined;\n\t\t\t\t\t\tflex-basis:undefined;\n\t\t\t\t\t\tbackground-position: ;\n\t\t\t\t\t\tbackground-repeat:no-repeat;\n\t\t\t\t\t\tbackground-size:;\n\t\t\t\t\t\tbackground-attachment:scroll;\n\t\t\t\t\t\toverflow: hidden;\n\t\t\t\t\t\tposition: relative;\n\t\t\t\t\t}\n\t\t\t\t\t.spice-block-col-6b2dab10:hover{\n\t\t\t\t\t\t\tbackground-color:undefined;\n\t\t\t\t\t\t\t\n\t\t\t\t\t\t}\n\t\t\t\t\t.spice-block-col-6b2dab10:hover .spice-blocks-overlay{\n\t\t\t\t\t\t\topacity: 1 ;\n\t\t\t\t\t\t\tbackground-color:undefined ;\n\t\t\t\t\t\t\tbackground-image:none ;\n\t\t\t\t\t\t}\n\t\t\t\t\t\tundefined\t\n\t\t\t\t\t\t<\/style><div class=\"wp-block-spice-blocks-spice-column wow animated  spice-block-col-6b2dab10\"><div class=\"spice-column-wrapper\">\n<p>ORGANIZACIJA<\/p>\n\n\n\n<p>Voditeljica ureda<\/p>\n\n\n\n<p>Financije i ra\u010dunovodstvo<\/p>\n\n\n\n<p>Tehni\u010dki direktor<\/p>\n\n\n\n<p>Direktor<\/p>\n<\/div><\/div>\n<\/div><\/div>\n\n\n\n<p><\/p>\n\n\n\n<hr class=\"wp-block-separator has-alpha-channel-opacity\"\/>\n\n\n\n<p>TECMON d.o.o. za elektrotehni\u010dki in\u017eenjering, Jur\u0161i\u0107i 44A, 52232 KR\u0160AN\/ISTRA\/CROATIA<\/p>\n","protected":false},"excerpt":{"rendered":"<p>TECMON d.o.o. za elektrotehni\u010dki in\u017eenjering, Jur\u0161i\u0107i 44A, 52232 KR\u0160AN\/ISTRA\/CROATIA<\/p>\n","protected":false},"author":2,"featured_media":0,"parent":0,"menu_order":0,"comment_status":"closed","ping_status":"closed","template":"","meta":{"ngg_post_thumbnail":0},"_links":{"self":[{"href":"http:\/\/www.tecmon.hr\/index.php?rest_route=\/wp\/v2\/pages\/5239"}],"collection":[{"href":"http:\/\/www.tecmon.hr\/index.php?rest_route=\/wp\/v2\/pages"}],"about":[{"href":"http:\/\/www.tecmon.hr\/index.php?rest_route=\/wp\/v2\/types\/page"}],"author":[{"embeddable":true,"href":"http:\/\/www.tecmon.hr\/index.php?rest_route=\/wp\/v2\/users\/2"}],"replies":[{"embeddable":true,"href":"http:\/\/www.tecmon.hr\/index.php?rest_route=%2Fwp%2Fv2%2Fcomments&post=5239"}],"version-history":[{"count":4,"href":"http:\/\/www.tecmon.hr\/index.php?rest_route=\/wp\/v2\/pages\/5239\/revisions"}],"predecessor-version":[{"id":5247,"href":"http:\/\/www.tecmon.hr\/index.php?rest_route=\/wp\/v2\/pages\/5239\/revisions\/5247"}],"wp:attachment":[{"href":"http:\/\/www.tecmon.hr\/index.php?rest_route=%2Fwp%2Fv2%2Fmedia&parent=5239"}],"curies":[{"name":"wp","href":"https:\/\/api.w.org\/{rel}","templated":true}]}}