{"id":5039,"date":"2020-11-03T14:50:07","date_gmt":"2020-11-03T13:50:07","guid":{"rendered":"http:\/\/www.tecmon.hr\/?page_id=5039"},"modified":"2023-09-24T18:16:56","modified_gmt":"2023-09-24T17:16:56","slug":"tecmon-2","status":"publish","type":"page","link":"https:\/\/www.tecmon.hr\/","title":{"rendered":"TECMON"},"content":{"rendered":"\n<p>TECMON d.o.o. zapo\u010deo je s djelatno\u0161\u0107u 2009. godine. Tvrtka je u privatnom vlasni\u0161tvu. Djelatnost je tvrtke elektrotehni\u010dki in\u017eenjering i tehni\u010dko savjetovanje u podru\u010dju energetike, automatizacije i upravljanja:<\/p>\n\n\n\n<ul>\n<li>Izrada solarnih elektrana po sistemu&nbsp;<strong>&#8220;klju\u010d u ruke&#8221;<\/strong><\/li>\n\n\n\n<li>Automatizacija i upravljanje u gra\u0111evinarstvu i industriji<\/li>\n\n\n\n<li>Instaliranje i odr\u017eavanje PEx elektri\u010dnih ure\u0111aja<\/li>\n\n\n\n<li>Instaliranje i ispitivanje PEx&nbsp; samogrijaju\u0107ih kabela<\/li>\n\n\n\n<li>Ispitivanje elektri\u010dnih instalacija, privremenih gra\u0111evinskih instalacija, uzemljenja i gromobrana<\/li>\n\n\n\n<li>Projektiranje<\/li>\n\n\n\n<li>Izrada upravlja\u010dkih i niskonaponskih ormara<\/li>\n\n\n\n<li>Daljinsko upravljanje i signalizacija<\/li>\n\n\n\n<li>Elektromonta\u017ea, izrada kabelskih spojnica<\/li>\n\n\n\n<li>Monta\u017ea i pu\u0161tanje u rad elektromotornih pogona upravljanih frekventnim upravlja\u010dima<\/li>\n\n\n\n<li>Ispitivanje i pu\u0161tanje u rad<\/li>\n\n\n\n<li>Izrada, ugradnja automatskih ulaznih vrata<\/li>\n\n\n\n<li>Sustavi za odvodnju dima i topline ODT (RWA)<\/li>\n\n\n\n<li>Fleksibilno brtvljenje kabela i cijevi<\/li>\n\n\n\n<li>Redovno i preventivno odr\u017eavanje te remont elektro opreme i motora<\/li>\n\n\n\n<li>De\u017eurstvo i servis<\/li>\n<\/ul>\n\n\n\n<p>Organizacijom i na\u010dinom rada tvrtka se prilago\u0111ava modernim na\u010dinima poslovanja \u0161irom Europe. Osnovni je princip, na kojem se zasniva cjelokupno poslovanje tvrtke, kvaliteta usluge, po\u0161tivanje dogovorenih rokova i kori\u0161tenje najmodernije tehnologije. Kontinuiranim radom i \u017eeljom za \u0161irenjem poslovanja, TECMON d.o.o. te\u017ei kontinuiranom pobolj\u0161anju svoga sada\u0161njeg statusa na tr\u017ei\u0161tu i pro\u0161irenju poslovanja. Stvaraju\u0107i povjerenje na temelju uzajamnog po\u0161tovanja s klijentima, vjerujemo da \u0107emo u tome uspjeti.<\/p>\n\n\n\n<p>Svjesni smo da su samo prvoklasna oprema i najbolja rje\u0161enja dovoljno dobri za na\u0161e klijente. Iz tog razloga sura\u0111ujemo s vode\u0107im proizvo\u0111a\u010dima opreme, slijedimo najnovije propise i primjenjujemo najvi\u0161e standarde.<\/p>\n\n\n\n<h2 class=\"wp-block-heading\">ISO 9001 i ISO 14001<\/h2>\n\n\n<div class=\"wp-block-image\">\n<figure class=\"alignright\"><img decoding=\"async\" loading=\"lazy\" width=\"212\" height=\"238\" src=\"http:\/\/www.tecmon.hr\/wp-content\/uploads\/2020\/06\/ISO14001-i9001.jpg\" alt=\"\" class=\"wp-image-4791\"\/><\/figure><\/div>\n\n\n<p>Usmjerenost ka razvijanju, kontroliranju i pobolj\u0161avanju kvalitete te postizanje zadovoljstva kupaca tr\u017ei\u0161nim proizvodom i uslugom, poslovni je imperativ svake uspje\u0161ne moderne kompanije.<\/p>\n\n\n\n<p>Jedna od glavnih karika koja garantira dugoro\u010dnu poslovnu uspje\u0161nost je, uz kvalitetu proizvoda i usluge, zasigurno i sustavni pristup upravljanju koje se o\u010dituje kroz implementiranje me\u0111unarodnog ISO sustava.<\/p>\n\n\n\n<p>Tvrtka&nbsp;<strong>TECMON d.o.o.<\/strong>&nbsp;prepoznala je va\u017enost prilagodbe poslovnih procesa svjetskim standardima u svim svojim poslovnim podru\u010djima i svim aktivnostima, te je u svoje poslovanje uspje\u0161no implementirala ISO 9001 sustav za upravljanje kvalitetom.<\/p>\n\n\n\n<p>Razvojem svojeg poslovanja kroz stalna pobolj\u0161anja, pra\u0107enje i uskla\u0111ivanje poslovnih procesa sa me\u0111unarodnim standardima, a prema zahtjevima certifikacije, popeli smo se u sam vrh ljestvice tr\u017ei\u0161nih pozicija. Kao vrlo va\u017ean element poslovne aktivnosti isti\u010demo komunikaciju i izuzetno pozitivan poslovni odnos sa na\u0161im investitorima, odnosno kupcima na\u0161ih usluga, \u0161to smo kroz uvo\u0111enje sustava ISO 9001 i dokazali.<\/p>\n\n\n\n<ul>\n<li>Na\u0161a misija je pru\u017eanje kvalitete<\/li>\n\n\n\n<li>U poslu nas vode bri\u017enost, kvaliteta i profesionalizam<\/li>\n\n\n\n<li>Cilj nam je posti\u0107i i odr\u017eati vode\u0107u poziciju na tr\u017ei\u0161tu automatizacije u Hrvatskoj<\/li>\n\n\n\n<li>Na\u0161e je mjesto na vrhu jer smo stru\u010dni i pouzdani<\/li>\n\n\n\n<li>Profesionalan pristup svakom zadatku i zadovoljstvo na\u0161ih klijenata na\u0161a su konkurentska prednost<\/li>\n<\/ul>\n","protected":false},"excerpt":{"rendered":"<p>TECMON d.o.o. zapo\u010deo je s djelatno\u0161\u0107u 2009. godine. Tvrtka je u privatnom vlasni\u0161tvu. Djelatnost je tvrtke elektrotehni\u010dki in\u017eenjering i tehni\u010dko savjetovanje u podru\u010dju energetike, automatizacije i upravljanja: Organizacijom i na\u010dinom rada tvrtka se prilago\u0111ava modernim na\u010dinima poslovanja \u0161irom Europe. Osnovni je princip, na kojem se zasniva cjelokupno poslovanje tvrtke, kvaliteta usluge, po\u0161tivanje dogovorenih rokova i [&hellip;]<\/p>\n","protected":false},"author":2,"featured_media":0,"parent":0,"menu_order":0,"comment_status":"closed","ping_status":"closed","template":"","meta":{"ngg_post_thumbnail":0},"_links":{"self":[{"href":"https:\/\/www.tecmon.hr\/index.php?rest_route=\/wp\/v2\/pages\/5039"}],"collection":[{"href":"https:\/\/www.tecmon.hr\/index.php?rest_route=\/wp\/v2\/pages"}],"about":[{"href":"https:\/\/www.tecmon.hr\/index.php?rest_route=\/wp\/v2\/types\/page"}],"author":[{"embeddable":true,"href":"https:\/\/www.tecmon.hr\/index.php?rest_route=\/wp\/v2\/users\/2"}],"replies":[{"embeddable":true,"href":"https:\/\/www.tecmon.hr\/index.php?rest_route=%2Fwp%2Fv2%2Fcomments&post=5039"}],"version-history":[{"count":14,"href":"https:\/\/www.tecmon.hr\/index.php?rest_route=\/wp\/v2\/pages\/5039\/revisions"}],"predecessor-version":[{"id":5169,"href":"https:\/\/www.tecmon.hr\/index.php?rest_route=\/wp\/v2\/pages\/5039\/revisions\/5169"}],"wp:attachment":[{"href":"https:\/\/www.tecmon.hr\/index.php?rest_route=%2Fwp%2Fv2%2Fmedia&parent=5039"}],"curies":[{"name":"wp","href":"https:\/\/api.w.org\/{rel}","templated":true}]}}