{"id":5116,"date":"2023-03-12T22:07:40","date_gmt":"2023-03-12T21:07:40","guid":{"rendered":"http:\/\/www.tecmon.hr\/?page_id=5116"},"modified":"2023-09-24T18:53:46","modified_gmt":"2023-09-24T17:53:46","slug":"elektroinstalacije","status":"publish","type":"page","link":"https:\/\/www.tecmon.hr\/?page_id=5116","title":{"rendered":"ELEKTROINSTALACIJE"},"content":{"rendered":"\n<h2 class=\"wp-block-heading\">Industrijske instalacije<\/h2>\n\n\n\n<h5 class=\"wp-block-heading\">Industrijski pogoni i prostori ve\u0107inom tro\u0161e znatne koli\u010dine elektri\u010dne energije i \u010desto sadr\u017ee specijalizirane i jedinstvene zahtjeve. TECMON je spreman prihvatiti odgovornost i najzahtjevnijih elektri\u010dnih radova u svrhu opremanja va\u0161eg poslovnog pogona najsigurnijim i najkvalitetnijim rje\u0161enjem. Prema Va\u0161im \u017eeljama, potrebama i zahtjevima radimo automatizaciju razli\u010ditih strojnih i drugih sustava, te sve vrste instalacija za hale i industrijske pogone. Planiramo, projektiramo te instaliramo elektri\u010dne sisteme, ugra\u0111ujemo ili nadogra\u0111ujemo kontrolne sisteme, spajamo transformatore i pri\u010duvna napajanja u obliku generatora. Ovisno o potrebama, ugra\u0111ujemo i elemente za u\u0161tedu elektri\u010dne energije, \u010dine\u0107i va\u0161e prostore sigurnim i \u0161tedljivim.<\/h5>\n\n\n\n<h2 class=\"wp-block-heading\">Jaka struja<\/h2>\n\n\n\n<h5 class=\"wp-block-heading\">Elektri\u010dna energija unutar va\u0161ih poslovnih prostora neophodna je za suvremeno funkcioniranje i vrlo je va\u017eno osigurati ispravne instalacije. TECMON elektri\u010dari imaju dugogodi\u0161nje iskustvo u provo\u0111enju elektroinstalacija unutar komercijalnih i industrijskih prostora. Neovisno o veli\u010dini, provodimo struju za industrijske pogone, ugra\u0111ujemo nove elektroinstalacije ili popravljamo stare, ovisno o va\u0161im potrebama.<\/h5>\n","protected":false},"excerpt":{"rendered":"<p>Industrijske instalacije Industrijski pogoni i prostori ve\u0107inom tro\u0161e znatne koli\u010dine elektri\u010dne energije i \u010desto sadr\u017ee specijalizirane i jedinstvene zahtjeve. TECMON je spreman prihvatiti odgovornost i najzahtjevnijih elektri\u010dnih radova u svrhu opremanja va\u0161eg poslovnog pogona najsigurnijim i najkvalitetnijim rje\u0161enjem. Prema Va\u0161im \u017eeljama, potrebama i zahtjevima radimo automatizaciju razli\u010ditih strojnih i drugih sustava, te sve vrste instalacija [&hellip;]<\/p>\n","protected":false},"author":2,"featured_media":0,"parent":0,"menu_order":0,"comment_status":"closed","ping_status":"closed","template":"","meta":{"ngg_post_thumbnail":0},"_links":{"self":[{"href":"https:\/\/www.tecmon.hr\/index.php?rest_route=\/wp\/v2\/pages\/5116"}],"collection":[{"href":"https:\/\/www.tecmon.hr\/index.php?rest_route=\/wp\/v2\/pages"}],"about":[{"href":"https:\/\/www.tecmon.hr\/index.php?rest_route=\/wp\/v2\/types\/page"}],"author":[{"embeddable":true,"href":"https:\/\/www.tecmon.hr\/index.php?rest_route=\/wp\/v2\/users\/2"}],"replies":[{"embeddable":true,"href":"https:\/\/www.tecmon.hr\/index.php?rest_route=%2Fwp%2Fv2%2Fcomments&post=5116"}],"version-history":[{"count":3,"href":"https:\/\/www.tecmon.hr\/index.php?rest_route=\/wp\/v2\/pages\/5116\/revisions"}],"predecessor-version":[{"id":5176,"href":"https:\/\/www.tecmon.hr\/index.php?rest_route=\/wp\/v2\/pages\/5116\/revisions\/5176"}],"wp:attachment":[{"href":"https:\/\/www.tecmon.hr\/index.php?rest_route=%2Fwp%2Fv2%2Fmedia&parent=5116"}],"curies":[{"name":"wp","href":"https:\/\/api.w.org\/{rel}","templated":true}]}}